{"id":22,"date":"2025-06-05T20:44:26","date_gmt":"2025-06-05T20:44:26","guid":{"rendered":"https:\/\/2025.fevo.com.mx\/?page_id=22"},"modified":"2025-12-13T20:14:57","modified_gmt":"2025-12-13T20:14:57","slug":"pagina-de-inicio","status":"publish","type":"page","link":"https:\/\/2025.fevo.com.mx\/","title":{"rendered":"P\u00e1gina de inicio"},"content":{"rendered":"\n<div class=\"wp-block-cover alignfull is-light has-custom-content-position is-position-top-center\" style=\"min-height:768px;aspect-ratio:unset;\"><video class=\"wp-block-cover__video-background intrinsic-ignore\" autoplay muted loop playsinline src=\"https:\/\/2025.fevo.com.mx\/wp-content\/uploads\/2025\/06\/4061837-hd_1920_1080_24fps.mp4\" data-object-fit=\"cover\"><\/video><span aria-hidden=\"true\" class=\"wp-block-cover__background has-primary-background-color has-background-dim\"><\/span><div class=\"wp-block-cover__inner-container has-global-padding is-layout-constrained wp-block-cover-is-layout-constrained\">\n<div style=\"height:101px\" aria-hidden=\"true\" class=\"wp-block-spacer\"><\/div>\n\n\n\n<div class=\"wp-block-columns are-vertically-aligned-center is-layout-flex wp-container-core-columns-is-layout-28f84493 wp-block-columns-is-layout-flex\">\n<div class=\"wp-block-column is-vertically-aligned-center is-layout-flow wp-block-column-is-layout-flow\" style=\"flex-basis:28.57%\"><\/div>\n\n\n\n<div class=\"wp-block-column is-vertically-aligned-center is-layout-flow wp-block-column-is-layout-flow\" style=\"flex-basis:38.1%\">\n<figure class=\"wp-block-image aligncenter size-full is-resized\"><img loading=\"lazy\" decoding=\"async\" width=\"584\" height=\"337\" src=\"https:\/\/2025.fevo.com.mx\/wp-content\/uploads\/2025\/12\/fevo.png\" alt=\"\" class=\"wp-image-580\" style=\"width:185px;height:auto\" srcset=\"https:\/\/2025.fevo.com.mx\/wp-content\/uploads\/2025\/12\/fevo.png 584w, https:\/\/2025.fevo.com.mx\/wp-content\/uploads\/2025\/12\/fevo-300x173.png 300w\" sizes=\"auto, (max-width: 584px) 100vw, 584px\" \/><\/figure>\n\n\n\n<p class=\"has-text-align-justify has-white-color has-text-color has-link-color has-medium-font-size\"><strong>El Festival del Vino en Oaxaca (FEVO) te abre sus puertas a una experiencia sensorial \u00fanica, donde la tradici\u00f3n vin\u00edcola nacional e internacional se encuentra con la incomparable riqueza cultural y gastron\u00f3mica de esta tierra ancestral.<\/strong><\/p>\n<\/div>\n\n\n\n<div class=\"wp-block-column is-vertically-aligned-center is-layout-flow wp-block-column-is-layout-flow\" style=\"flex-basis:33.33%\"><\/div>\n<\/div>\n\n\n\n<ul class=\"wp-block-social-links has-large-icon-size has-icon-color has-icon-background-color is-style-pill-shape is-content-justification-center is-layout-flex wp-container-core-social-links-is-layout-3d596e75 wp-block-social-links-is-layout-flex\" style=\"margin-top:var(--wp--preset--spacing--small);margin-bottom:var(--wp--preset--spacing--small)\"><li style=\"color:#ffffff;background-color:#ffffff00;\" class=\"wp-social-link wp-social-link-facebook has-white-color wp-block-social-link\"><a href=\"https:\/\/www.facebook.com\/FEVOAX\" class=\"wp-block-social-link-anchor\"><svg width=\"24\" height=\"24\" viewBox=\"0 0 24 24\" version=\"1.1\" xmlns=\"http:\/\/www.w3.org\/2000\/svg\" aria-hidden=\"true\" focusable=\"false\"><path d=\"M12 2C6.5 2 2 6.5 2 12c0 5 3.7 9.1 8.4 9.9v-7H7.9V12h2.5V9.8c0-2.5 1.5-3.9 3.8-3.9 1.1 0 2.2.2 2.2.2v2.5h-1.3c-1.2 0-1.6.8-1.6 1.6V12h2.8l-.4 2.9h-2.3v7C18.3 21.1 22 17 22 12c0-5.5-4.5-10-10-10z\"><\/path><\/svg><span class=\"wp-block-social-link-label screen-reader-text\">Facebook<\/span><\/a><\/li>\n\n<li style=\"color:#ffffff;background-color:#ffffff00;\" class=\"wp-social-link wp-social-link-instagram has-white-color wp-block-social-link\"><a href=\"https:\/\/www.instagram.com\/fevoaxaca\/?hl=es\" class=\"wp-block-social-link-anchor\"><svg width=\"24\" height=\"24\" viewBox=\"0 0 24 24\" version=\"1.1\" xmlns=\"http:\/\/www.w3.org\/2000\/svg\" aria-hidden=\"true\" focusable=\"false\"><path d=\"M12,4.622c2.403,0,2.688,0.009,3.637,0.052c0.877,0.04,1.354,0.187,1.671,0.31c0.42,0.163,0.72,0.358,1.035,0.673 c0.315,0.315,0.51,0.615,0.673,1.035c0.123,0.317,0.27,0.794,0.31,1.671c0.043,0.949,0.052,1.234,0.052,3.637 s-0.009,2.688-0.052,3.637c-0.04,0.877-0.187,1.354-0.31,1.671c-0.163,0.42-0.358,0.72-0.673,1.035 c-0.315,0.315-0.615,0.51-1.035,0.673c-0.317,0.123-0.794,0.27-1.671,0.31c-0.949,0.043-1.233,0.052-3.637,0.052 s-2.688-0.009-3.637-0.052c-0.877-0.04-1.354-0.187-1.671-0.31c-0.42-0.163-0.72-0.358-1.035-0.673 c-0.315-0.315-0.51-0.615-0.673-1.035c-0.123-0.317-0.27-0.794-0.31-1.671C4.631,14.688,4.622,14.403,4.622,12 s0.009-2.688,0.052-3.637c0.04-0.877,0.187-1.354,0.31-1.671c0.163-0.42,0.358-0.72,0.673-1.035 c0.315-0.315,0.615-0.51,1.035-0.673c0.317-0.123,0.794-0.27,1.671-0.31C9.312,4.631,9.597,4.622,12,4.622 M12,3 C9.556,3,9.249,3.01,8.289,3.054C7.331,3.098,6.677,3.25,6.105,3.472C5.513,3.702,5.011,4.01,4.511,4.511 c-0.5,0.5-0.808,1.002-1.038,1.594C3.25,6.677,3.098,7.331,3.054,8.289C3.01,9.249,3,9.556,3,12c0,2.444,0.01,2.751,0.054,3.711 c0.044,0.958,0.196,1.612,0.418,2.185c0.23,0.592,0.538,1.094,1.038,1.594c0.5,0.5,1.002,0.808,1.594,1.038 c0.572,0.222,1.227,0.375,2.185,0.418C9.249,20.99,9.556,21,12,21s2.751-0.01,3.711-0.054c0.958-0.044,1.612-0.196,2.185-0.418 c0.592-0.23,1.094-0.538,1.594-1.038c0.5-0.5,0.808-1.002,1.038-1.594c0.222-0.572,0.375-1.227,0.418-2.185 C20.99,14.751,21,14.444,21,12s-0.01-2.751-0.054-3.711c-0.044-0.958-0.196-1.612-0.418-2.185c-0.23-0.592-0.538-1.094-1.038-1.594 c-0.5-0.5-1.002-0.808-1.594-1.038c-0.572-0.222-1.227-0.375-2.185-0.418C14.751,3.01,14.444,3,12,3L12,3z M12,7.378 c-2.552,0-4.622,2.069-4.622,4.622S9.448,16.622,12,16.622s4.622-2.069,4.622-4.622S14.552,7.378,12,7.378z M12,15 c-1.657,0-3-1.343-3-3s1.343-3,3-3s3,1.343,3,3S13.657,15,12,15z M16.804,6.116c-0.596,0-1.08,0.484-1.08,1.08 s0.484,1.08,1.08,1.08c0.596,0,1.08-0.484,1.08-1.08S17.401,6.116,16.804,6.116z\"><\/path><\/svg><span class=\"wp-block-social-link-label screen-reader-text\">Instagram<\/span><\/a><\/li><\/ul>\n<\/div><\/div>\n\n\n\n<div class=\"wp-block-columns is-layout-flex wp-container-core-columns-is-layout-28f84493 wp-block-columns-is-layout-flex\">\n<div class=\"wp-block-column is-layout-flow wp-block-column-is-layout-flow\">\n<div class=\"wp-block-font-awesome-icon wp-font-awesome-icon\" style=\"display:flex;justify-content:center\"><svg aria-hidden=\"true\" focusable=\"false\" data-prefix=\"fas\" data-icon=\"wine-glass\" class=\"svg-inline--fa fa-wine-glass \" role=\"img\" xmlns=\"http:\/\/www.w3.org\/2000\/svg\" viewBox=\"0 0 320 512\" style=\"font-size:2.5em\"><path fill=\"currentColor\" d=\"M32.1 29.3C33.5 12.8 47.4 0 64 0L256 0c16.6 0 30.5 12.8 31.9 29.3l14 168.4c6 72-42.5 135.2-109.9 150.6l0 99.6 48 0c17.7 0 32 14.3 32 32s-14.3 32-32 32l-80 0-80 0c-17.7 0-32-14.3-32-32s14.3-32 32-32l48 0 0-99.6C60.6 333 12.1 269.8 18.1 197.8l14-168.4zm56 98.7l143.8 0-5.3-64L93.4 64l-5.3 64z\"><\/path><\/svg><\/div>\n<\/div>\n\n\n\n<div class=\"wp-block-column is-layout-flow wp-block-column-is-layout-flow\">\n<div class=\"wp-block-font-awesome-icon wp-font-awesome-icon\" style=\"display:flex;justify-content:center\"><svg aria-hidden=\"true\" focusable=\"false\" data-prefix=\"fas\" data-icon=\"wine-bottle\" class=\"svg-inline--fa fa-wine-bottle \" role=\"img\" xmlns=\"http:\/\/www.w3.org\/2000\/svg\" viewBox=\"0 0 512 512\" style=\"font-size:2.5em\"><path fill=\"currentColor\" d=\"M393.4 9.4c12.5-12.5 32.8-12.5 45.3 0l64 64c12.5 12.5 12.5 32.8 0 45.3c-11.8 11.8-30.7 12.5-43.2 1.9l-9.5 9.5-48.8 48.8c-9.2 9.2-11.5 22.9-8.6 35.6c9.4 40.9-1.9 85.6-33.8 117.5L197.3 493.3c-25 25-65.5 25-90.5 0l-88-88c-25-25-25-65.5 0-90.5L180.2 153.3c31.9-31.9 76.6-43.1 117.5-33.8c12.6 2.9 26.4 .5 35.5-8.6l48.8-48.8 9.5-9.5c-10.6-12.6-10-31.4 1.9-43.2zM99.3 347.3l65.4 65.4c6.2 6.2 16.4 6.2 22.6 0l97.4-97.4c6.2-6.2 6.2-16.4 0-22.6l-65.4-65.4c-6.2-6.2-16.4-6.2-22.6 0L99.3 324.7c-6.2 6.2-6.2 16.4 0 22.6z\"><\/path><\/svg><\/div>\n<\/div>\n\n\n\n<div class=\"wp-block-column is-layout-flow wp-block-column-is-layout-flow\">\n<div class=\"wp-block-font-awesome-icon wp-font-awesome-icon\" style=\"display:flex;justify-content:center\"><svg aria-hidden=\"true\" focusable=\"false\" data-prefix=\"fas\" data-icon=\"music\" class=\"svg-inline--fa fa-music \" role=\"img\" xmlns=\"http:\/\/www.w3.org\/2000\/svg\" viewBox=\"0 0 512 512\" style=\"font-size:2.5em\"><path fill=\"currentColor\" d=\"M499.1 6.3c8.1 6 12.9 15.6 12.9 25.7l0 72 0 264c0 44.2-43 80-96 80s-96-35.8-96-80s43-80 96-80c11.2 0 22 1.6 32 4.6L448 147 192 223.8 192 432c0 44.2-43 80-96 80s-96-35.8-96-80s43-80 96-80c11.2 0 22 1.6 32 4.6L128 200l0-72c0-14.1 9.3-26.6 22.8-30.7l320-96c9.7-2.9 20.2-1.1 28.3 5z\"><\/path><\/svg><\/div>\n<\/div>\n\n\n\n<div class=\"wp-block-column is-layout-flow wp-block-column-is-layout-flow\">\n<div class=\"wp-block-font-awesome-icon wp-font-awesome-icon\" style=\"display:flex;justify-content:center\"><svg aria-hidden=\"true\" focusable=\"false\" data-prefix=\"fas\" data-icon=\"percent\" class=\"svg-inline--fa fa-percent \" role=\"img\" xmlns=\"http:\/\/www.w3.org\/2000\/svg\" viewBox=\"0 0 384 512\" style=\"font-size:2.5em\"><path fill=\"currentColor\" d=\"M374.6 118.6c12.5-12.5 12.5-32.8 0-45.3s-32.8-12.5-45.3 0l-320 320c-12.5 12.5-12.5 32.8 0 45.3s32.8 12.5 45.3 0l320-320zM128 128A64 64 0 1 0 0 128a64 64 0 1 0 128 0zM384 384a64 64 0 1 0 -128 0 64 64 0 1 0 128 0z\"><\/path><\/svg><\/div>\n<\/div>\n<\/div>\n\n\n\n<div class=\"wp-block-columns is-layout-flex wp-container-core-columns-is-layout-28f84493 wp-block-columns-is-layout-flex\">\n<div class=\"wp-block-column is-layout-flow wp-block-column-is-layout-flow\">\n<h4 class=\"wp-block-heading has-text-align-center\">Copa de cristal<\/h4>\n\n\n\n<p class=\"has-text-align-center\">De alta calidad para usar en la degustaci\u00f3n, es tuya para llevar.<\/p>\n<\/div>\n\n\n\n<div class=\"wp-block-column is-layout-flow wp-block-column-is-layout-flow\">\n<h4 class=\"wp-block-heading has-text-align-center\">Degustaciones<\/h4>\n\n\n\n<p class=\"has-text-align-center\">Prueba etiquetas de todo el mundo en los stands.<\/p>\n<\/div>\n\n\n\n<div class=\"wp-block-column is-layout-flow wp-block-column-is-layout-flow\">\n<h4 class=\"wp-block-heading has-text-align-center\">Entretenimiento y Arte<\/h4>\n\n\n\n<p class=\"has-text-align-center\">M\u00fasica en vivo, DJ y arte visual.<\/p>\n<\/div>\n\n\n\n<div class=\"wp-block-column is-layout-flow wp-block-column-is-layout-flow\">\n<h4 class=\"wp-block-heading has-text-align-center\">Beneficios<\/h4>\n\n\n\n<p class=\"has-text-align-center\">Precios de botella con descorche incluido.<\/p>\n<\/div>\n<\/div>\n","protected":false},"excerpt":{"rendered":"<p>Copa de cristal De alta calidad para usar en la degustaci\u00f3n, es tuya para llevar. Degustaciones Prueba etiquetas de todo el mundo en los stands. Entretenimiento y Arte M\u00fasica en vivo, DJ y arte visual. Beneficios Precios de botella con descorche incluido.<\/p>\n","protected":false},"author":1,"featured_media":0,"parent":0,"menu_order":0,"comment_status":"closed","ping_status":"closed","template":"page-templates\/homepage-builder-bb.php","meta":{"_eb_attr":"","_inspiro_hide_title":false,"footnotes":""},"class_list":["post-22","page","type-page","status-publish","hentry"],"_links":{"self":[{"href":"https:\/\/2025.fevo.com.mx\/index.php\/wp-json\/wp\/v2\/pages\/22","targetHints":{"allow":["GET"]}}],"collection":[{"href":"https:\/\/2025.fevo.com.mx\/index.php\/wp-json\/wp\/v2\/pages"}],"about":[{"href":"https:\/\/2025.fevo.com.mx\/index.php\/wp-json\/wp\/v2\/types\/page"}],"author":[{"embeddable":true,"href":"https:\/\/2025.fevo.com.mx\/index.php\/wp-json\/wp\/v2\/users\/1"}],"replies":[{"embeddable":true,"href":"https:\/\/2025.fevo.com.mx\/index.php\/wp-json\/wp\/v2\/comments?post=22"}],"version-history":[{"count":107,"href":"https:\/\/2025.fevo.com.mx\/index.php\/wp-json\/wp\/v2\/pages\/22\/revisions"}],"predecessor-version":[{"id":626,"href":"https:\/\/2025.fevo.com.mx\/index.php\/wp-json\/wp\/v2\/pages\/22\/revisions\/626"}],"wp:attachment":[{"href":"https:\/\/2025.fevo.com.mx\/index.php\/wp-json\/wp\/v2\/media?parent=22"}],"curies":[{"name":"wp","href":"https:\/\/api.w.org\/{rel}","templated":true}]}}